{"id":1111,"date":"2019-05-14T18:28:33","date_gmt":"2019-05-14T21:28:33","guid":{"rendered":"https:\/\/iprofconcordia-ers.infd.edu.ar\/sitio\/?page_id=1111"},"modified":"2024-07-29T19:27:38","modified_gmt":"2024-07-29T22:27:38","slug":"profesorado-de-ed-primaria","status":"publish","type":"page","link":"https:\/\/iprofconcordia-ers.infd.edu.ar\/sitio\/profesorado-de-ed-primaria\/","title":{"rendered":"Profesorado de Ed. Primaria"},"content":{"rendered":"<h2>En los siguientes link podes descargar o ver los dise\u00f1os curriculares de la Carrera.<\/h2>\n<ul>\n<li>\n<h5>Dise\u00f1o Curricular Prof. Ed. Primaria Resoluci\u00f3n\u00a04170-14 &#8211; haz click <a href=\"https:\/\/drive.google.com\/file\/d\/1Qc3gbH6QDmM82D-36A9HIn_MqS-PTPz0\/view?usp=sharing\" target=\"_blank\" rel=\"noopener\">aqu\u00ed<\/a><\/h5>\n<\/li>\n<li>\n<h5>R\u00e9gimen de Correlatividad\u00a0Prof. Ed. Primaria Resoluci\u00f3n\u00a04170-14\u00a0&#8211; haz click <a href=\"https:\/\/iprofconcordia-ers.infd.edu.ar\/sitio\/wp-content\/uploads\/2020\/12\/Correlatividades-PEP-Resol-4170-cge.pdf\" target=\"_blank\" rel=\"noopener\">aqu\u00ed<\/a><\/h5>\n<\/li>\n<li>\n<h5>Tr\u00edptico con informaci\u00f3n sobre la carrera &#8211; haz click <a href=\"https:\/\/iprofconcordia-ers.infd.edu.ar\/sitio\/wp-content\/uploads\/2023\/06\/Triptico-Primaria-Especial.pdf\" target=\"_blank\" rel=\"noopener\">aqu\u00ed<\/a><\/h5>\n<\/li>\n<\/ul>\n<p><img decoding=\"async\" loading=\"lazy\" class=\"wp-image-877 aligncenter\" src=\"https:\/\/iprofconcordia-ers.infd.edu.ar\/sitio\/wp-content\/uploads\/2018\/08\/Logo-Profesorado_Con_Nombre-negro.png\" alt=\"\" width=\"153\" height=\"153\" \/><\/p>\n","protected":false},"excerpt":{"rendered":"<p>En los siguientes link podes descargar o ver los dise\u00f1os curriculares de la Carrera. Dise\u00f1o Curricular Prof. Ed. Primaria Resoluci\u00f3n\u00a04170-14 &#8211; haz click aqu\u00ed R\u00e9gimen de Correlatividad\u00a0Prof. Ed. Primaria Resoluci\u00f3n\u00a04170-14\u00a0&#8211; haz click aqu\u00ed Tr\u00edptico con informaci\u00f3n sobre la carrera &#8211; haz click aqu\u00ed<\/p>\n","protected":false},"author":764,"featured_media":0,"parent":0,"menu_order":0,"comment_status":"closed","ping_status":"closed","template":"","meta":[],"acf":[],"_links":{"self":[{"href":"https:\/\/iprofconcordia-ers.infd.edu.ar\/sitio\/wp-json\/wp\/v2\/pages\/1111"}],"collection":[{"href":"https:\/\/iprofconcordia-ers.infd.edu.ar\/sitio\/wp-json\/wp\/v2\/pages"}],"about":[{"href":"https:\/\/iprofconcordia-ers.infd.edu.ar\/sitio\/wp-json\/wp\/v2\/types\/page"}],"author":[{"embeddable":true,"href":"https:\/\/iprofconcordia-ers.infd.edu.ar\/sitio\/wp-json\/wp\/v2\/users\/764"}],"replies":[{"embeddable":true,"href":"https:\/\/iprofconcordia-ers.infd.edu.ar\/sitio\/wp-json\/wp\/v2\/comments?post=1111"}],"version-history":[{"count":6,"href":"https:\/\/iprofconcordia-ers.infd.edu.ar\/sitio\/wp-json\/wp\/v2\/pages\/1111\/revisions"}],"predecessor-version":[{"id":2162,"href":"https:\/\/iprofconcordia-ers.infd.edu.ar\/sitio\/wp-json\/wp\/v2\/pages\/1111\/revisions\/2162"}],"wp:attachment":[{"href":"https:\/\/iprofconcordia-ers.infd.edu.ar\/sitio\/wp-json\/wp\/v2\/media?parent=1111"}],"curies":[{"name":"wp","href":"https:\/\/api.w.org\/{rel}","templated":true}]}}