{"id":1264,"date":"2019-12-21T10:31:40","date_gmt":"2019-12-21T13:31:40","guid":{"rendered":"https:\/\/iprofconcordia-ers.infd.edu.ar\/sitio\/?page_id=1264"},"modified":"2026-04-10T19:59:26","modified_gmt":"2026-04-10T22:59:26","slug":"mesasextraordinarias","status":"publish","type":"page","link":"https:\/\/iprofconcordia-ers.infd.edu.ar\/sitio\/mesasextraordinarias\/","title":{"rendered":"Mesas Extraordinarias Abril \/ Mayo"},"content":{"rendered":"\n<hr class=\"wp-block-separator has-alpha-channel-opacity\"\/>\n\n\n\n<p> Se informa que las <strong>inscripciones <\/strong>a las Mesas extraordinarias se realizar\u00e1n los d\u00edas <strong>10 al 14 de abril<\/strong>, a trav\u00e9s de <strong><a href=\"https:\/\/www.ecualdata.com\/ingreso.php\">Ecualdata<\/a><\/strong>.<br>El cronograma se publicar\u00e1 una vez cerrada la inscripci\u00f3n y organizadas las mesas. <strong>Las mismas se llevar\u00e1n a cabo desde el 20 de abril hasta el 4 de mayo de 2026<\/strong><\/p>\n\n\n\n<p><br><strong>\u00bfQui\u00e9nes se pueden inscribir?<\/strong><\/p>\n\n\n\n<p>Los estudiantes que:<br>\u25cf Est\u00e1n cursando en forma condicional PR\u00c1CTICA DOCENTE II, III y IV (art 42, Resoluci\u00f3n 0249\/24)<br>     \u2b9a Inscribirse a todos los espacios correlativos adeudados correspondientes a la Pr\u00e1ctica Docente que est\u00e1n cursando, para continuar dicho cursado (ver cuadros).<br><\/p>\n\n\n\n<p><strong>IMPORTANTE<\/strong>: Si est\u00e1n AUSENTES en una mesa de examen sin el certificado m\u00e9dico correspondiente, NO podr\u00e1n rendir otros espacios a los cuales estaban inscriptos.<br><\/p>\n\n\n\n<p><strong>PROFESORADO DE EDUCACI\u00d3N PRIMARIA<\/strong>: Seg\u00fan Correlatividades Resoluci\u00f3n 4170\/14 CGE, en las mesas extraordinarias pueden rendir:<\/p>\n\n\n\n<figure class=\"wp-block-table is-style-stripes\"><table><tbody><tr><td><strong>PR\u00c1CTICA que est\u00e1<br>cursando en 2026<\/strong><\/td><td><strong>CORRELATIVAS<\/strong><\/td><td><strong>Deben inscribirse para continuar cursando la Pr\u00e1ctica<br>Docente<\/strong><\/td><\/tr><tr><td>Pr\u00e1ctica Docente II<\/td><td>Pr\u00e1ctica Docente I (A)<br>Did\u00e1ctica General (R)<br>Lengua, literatura y su did\u00e1ctica I (R)<br>Matem\u00e1tica y su did\u00e1ctica I (R)<br>Ciencias Sociales y su did\u00e1ctica I (R)<br>Ciencias Naturales y su did\u00e1ctica I(R)<\/td><td>Pr\u00e1ctica Docente I<\/td><\/tr><tr><td>Pr\u00e1ctica Docente III<\/td><td>Los espacios curriculares de 1er. A\u00f1o (A)<br>Pr\u00e1ctica Docente II (A)<br>Lengua, literatura y su did\u00e1ctica II (A)<br>Matem\u00e1tica y su did\u00e1ctica II (A)<br>Ciencias Sociales y su did\u00e1ctica II (A)<br>Ciencias Naturales y su did\u00e1ctica II (A)<\/td><td><strong>Todos <\/strong>los espacios curriculares adeudados.<\/td><\/tr><tr><td>Pr\u00e1ctica Docente IV<\/td><td>Los espacios curriculares de 1ro, 2do y 3er A\u00f1o. (A)<\/td><td><strong>Todos <\/strong>los espacios curriculares adeudados.<\/td><\/tr><\/tbody><\/table><figcaption class=\"wp-element-caption\">(A) Aprobado &#8211; (R) Regular<\/figcaption><\/figure>\n\n\n\n<hr class=\"wp-block-separator has-alpha-channel-opacity\"\/>\n\n\n\n<p><strong>PROFESORADO DE EDUCACI\u00d3N ESPECIAL CON ORIENTACI\u00d3N EN DISCAPACIDAD INTELECTUAL<\/strong>: Seg\u00fan Correlatividades Resoluci\u00f3n 4706\/17 CGE, en las mesas extraordinarias pueden rendir:<\/p>\n\n\n\n<figure class=\"wp-block-table is-style-stripes\"><table><tbody><tr><td><strong>PR\u00c1CTICA que est\u00e1<br>cursando en 2026<\/strong><\/td><td><strong>CORRELATIVAS<\/strong><\/td><td><strong>Deben inscribirse para continuar cursando la Pr\u00e1ctica<br>Docente<\/strong><\/td><\/tr><tr><td>Pr\u00e1ctica Docente II<\/td><td>Pr\u00e1ctica Docente I (A)<br>Did\u00e1ctica General (R)<br>Pedagog\u00eda (R)<br>Psicolog\u00eda Educacional (R)<br>Oralidad, lectura, escritura y TIC (R)<br>Alfabetizaci\u00f3n Inicial (R)<\/td><td>Pr\u00e1ctica Docente I<\/td><\/tr><tr><td>Pr\u00e1ctica Docente III<\/td><td>Los espacios curriculares de 1er. A\u00f1o (A)<br>Pr\u00e1ctica Docente II (A)<br>Sujeto de la Educaci\u00f3n Especial I (A)<br>Ciencias Sociales y su did\u00e1ctica I (A)<br>Ciencias Naturales y su did\u00e1ctica I (A)<\/td><td><strong>Todos<\/strong> los espacios curriculares adeudados.<\/td><\/tr><tr><td>Pr\u00e1ctica Docente IV<\/td><td>Los espacios curriculares de 1ro, 2do y<br>3er A\u00f1o. (A)<\/td><td><strong>Todos<\/strong> los espacios curriculares adeudados.<\/td><\/tr><\/tbody><\/table><figcaption class=\"wp-element-caption\">(A) Aprobado &#8211; (R) Regular<\/figcaption><\/figure>\n\n\n\n<p><\/p>\n\n\n\n<h3 class=\"wp-block-heading has-text-align-center\"><img decoding=\"async\" loading=\"lazy\" width=\"232\" height=\"232\" class=\"size-full wp-image-877 alignnone\" src=\"https:\/\/iprofconcordia-ers.infd.edu.ar\/sitio\/wp-content\/uploads\/2018\/08\/Logo-Profesorado_Con_Nombre-negro.png\" alt=\"\" style=\"width: undefinedpx;\"><\/h3>\n\n\n\n<p><\/p>\n","protected":false},"excerpt":{"rendered":"<p>Se informa que las inscripciones a las Mesas extraordinarias se realizar\u00e1n los d\u00edas 10 al 14 de abril, a trav\u00e9s de Ecualdata.El cronograma se publicar\u00e1 una vez cerrada la inscripci\u00f3n y organizadas las mesas. Las mismas se llevar\u00e1n a cabo desde el 20 de abril hasta el 4 de mayo de 2026 \u00bfQui\u00e9nes se pueden &#8230; <a title=\"Mesas Extraordinarias Abril \/ Mayo\" class=\"read-more\" href=\"https:\/\/iprofconcordia-ers.infd.edu.ar\/sitio\/mesasextraordinarias\/\" aria-label=\"More on Mesas Extraordinarias Abril \/ Mayo\">[+]<\/a><\/p>\n","protected":false},"author":764,"featured_media":0,"parent":0,"menu_order":0,"comment_status":"closed","ping_status":"closed","template":"","meta":[],"acf":[],"_links":{"self":[{"href":"https:\/\/iprofconcordia-ers.infd.edu.ar\/sitio\/wp-json\/wp\/v2\/pages\/1264"}],"collection":[{"href":"https:\/\/iprofconcordia-ers.infd.edu.ar\/sitio\/wp-json\/wp\/v2\/pages"}],"about":[{"href":"https:\/\/iprofconcordia-ers.infd.edu.ar\/sitio\/wp-json\/wp\/v2\/types\/page"}],"author":[{"embeddable":true,"href":"https:\/\/iprofconcordia-ers.infd.edu.ar\/sitio\/wp-json\/wp\/v2\/users\/764"}],"replies":[{"embeddable":true,"href":"https:\/\/iprofconcordia-ers.infd.edu.ar\/sitio\/wp-json\/wp\/v2\/comments?post=1264"}],"version-history":[{"count":36,"href":"https:\/\/iprofconcordia-ers.infd.edu.ar\/sitio\/wp-json\/wp\/v2\/pages\/1264\/revisions"}],"predecessor-version":[{"id":2361,"href":"https:\/\/iprofconcordia-ers.infd.edu.ar\/sitio\/wp-json\/wp\/v2\/pages\/1264\/revisions\/2361"}],"wp:attachment":[{"href":"https:\/\/iprofconcordia-ers.infd.edu.ar\/sitio\/wp-json\/wp\/v2\/media?parent=1264"}],"curies":[{"name":"wp","href":"https:\/\/api.w.org\/{rel}","templated":true}]}}