{"id":946,"date":"2020-03-02T07:28:18","date_gmt":"2020-03-02T10:28:18","guid":{"rendered":"https:\/\/iprofconcordia-ers.infd.edu.ar\/sitio\/?page_id=946"},"modified":"2026-03-10T18:45:54","modified_gmt":"2026-03-10T21:45:54","slug":"informacion_importante","status":"publish","type":"page","link":"https:\/\/iprofconcordia-ers.infd.edu.ar\/sitio\/informacion_importante\/","title":{"rendered":"Informaci\u00f3n importante 2026"},"content":{"rendered":"<h2 style=\"text-align: left;\"><a href=\"https:\/\/docs.google.com\/spreadsheets\/d\/1OvDkRxTEw7l6F0QJ3ZCTqX3e6vUEc-p-\/edit?gid=940516327#gid=940516327\">Horarios de Materias 2026<\/a>.<\/h2>\n<h2 style=\"text-align: left;\"><a href=\"https:\/\/iprofconcordia-ers.infd.edu.ar\/sitio\/wp-content\/uploads\/2026\/03\/CALENDARIO-ACADEMICO-2026.pdf\">Calendario Acad\u00e9mico 2026.<\/a><\/h2>\n<h3><a href=\"https:\/\/iprofconcordia-ers.infd.edu.ar\/sitio\/wp-content\/uploads\/2026\/02\/CALENDARIO-INSTITUCIONAL-2026.pdf\">Calendario Institucional 2026.<\/a><\/h3>\n<h2 style=\"text-align: left;\"><a href=\"https:\/\/iprofconcordia-ers.infd.edu.ar\/sitio\/wp-content\/uploads\/2025\/03\/Brief-Progresar-Superior-2025.pdf\">Becas Progresar.<\/a><\/h2>\n<h2 style=\"text-align: left;\"><a href=\"https:\/\/sage.entrerios.gov.ar\/login\/\">Direcci\u00f3n de SAGE.<\/a><\/h2>\n<h2 style=\"text-align: left;\"><a href=\"https:\/\/www.ecualdata.com\/ingreso.php\">Direcci\u00f3n de Ecualdata.<\/a><\/h2>\n<h2 style=\"text-align: center;\"><img decoding=\"async\" loading=\"lazy\" class=\"size-full wp-image-877 alignnone\" src=\"https:\/\/iprofconcordia-ers.infd.edu.ar\/sitio\/wp-content\/uploads\/2018\/08\/Logo-Profesorado_Con_Nombre-negro.png\" alt=\"\" width=\"232\" height=\"232\" \/><\/h2>\n\n\n<p><\/p>\n","protected":false},"excerpt":{"rendered":"<p>Horarios de Materias 2026. Calendario Acad\u00e9mico 2026. Calendario Institucional 2026. Becas Progresar. Direcci\u00f3n de SAGE. Direcci\u00f3n de Ecualdata.<\/p>\n","protected":false},"author":764,"featured_media":0,"parent":0,"menu_order":0,"comment_status":"closed","ping_status":"closed","template":"","meta":[],"acf":[],"_links":{"self":[{"href":"https:\/\/iprofconcordia-ers.infd.edu.ar\/sitio\/wp-json\/wp\/v2\/pages\/946"}],"collection":[{"href":"https:\/\/iprofconcordia-ers.infd.edu.ar\/sitio\/wp-json\/wp\/v2\/pages"}],"about":[{"href":"https:\/\/iprofconcordia-ers.infd.edu.ar\/sitio\/wp-json\/wp\/v2\/types\/page"}],"author":[{"embeddable":true,"href":"https:\/\/iprofconcordia-ers.infd.edu.ar\/sitio\/wp-json\/wp\/v2\/users\/764"}],"replies":[{"embeddable":true,"href":"https:\/\/iprofconcordia-ers.infd.edu.ar\/sitio\/wp-json\/wp\/v2\/comments?post=946"}],"version-history":[{"count":43,"href":"https:\/\/iprofconcordia-ers.infd.edu.ar\/sitio\/wp-json\/wp\/v2\/pages\/946\/revisions"}],"predecessor-version":[{"id":2348,"href":"https:\/\/iprofconcordia-ers.infd.edu.ar\/sitio\/wp-json\/wp\/v2\/pages\/946\/revisions\/2348"}],"wp:attachment":[{"href":"https:\/\/iprofconcordia-ers.infd.edu.ar\/sitio\/wp-json\/wp\/v2\/media?parent=946"}],"curies":[{"name":"wp","href":"https:\/\/api.w.org\/{rel}","templated":true}]}}